{"id":457,"date":"2019-07-28T19:53:33","date_gmt":"2019-07-28T19:53:33","guid":{"rendered":"http:\/\/grundschule-broegbern.de\/index2.php\/?page_id=457"},"modified":"2019-08-09T19:33:11","modified_gmt":"2019-08-09T19:33:11","slug":"unser-vielfaeltiges-schulleben","status":"publish","type":"page","link":"https:\/\/grundschule-broegbern.de\/index2.php\/?page_id=457","title":{"rendered":"Schulleben"},"content":{"rendered":"\n<p>Hier finden Sie die Organisation des <strong>Vormittags<\/strong> und des <strong>Nachmittags<\/strong>. Au\u00dferdem stellen wir hier unsere vielf\u00e4ltigen weiteren <strong>Angebote<\/strong> und <strong>Aktivit\u00e4ten<\/strong> vor.<\/p>\n\n\n\n<p class=\"has-medium-font-size\"><strong><em>Rufen Sie dazu einfach die entsprechenden Unterpunkte auf.<\/em><\/strong><\/p>\n","protected":false},"excerpt":{"rendered":"<p>Hier finden Sie die Organisation des Vormittags und des Nachmittags. Au\u00dferdem stellen wir hier unsere vielf\u00e4ltigen weiteren Angebote und Aktivit\u00e4ten vor. Rufen Sie dazu einfach die entsprechenden Unterpunkte auf.<\/p>\n","protected":false},"author":1,"featured_media":0,"parent":0,"menu_order":0,"comment_status":"closed","ping_status":"closed","template":"","meta":{"footnotes":""},"class_list":["post-457","page","type-page","status-publish","hentry"],"_links":{"self":[{"href":"https:\/\/grundschule-broegbern.de\/index2.php\/index.php?rest_route=\/wp\/v2\/pages\/457","targetHints":{"allow":["GET"]}}],"collection":[{"href":"https:\/\/grundschule-broegbern.de\/index2.php\/index.php?rest_route=\/wp\/v2\/pages"}],"about":[{"href":"https:\/\/grundschule-broegbern.de\/index2.php\/index.php?rest_route=\/wp\/v2\/types\/page"}],"author":[{"embeddable":true,"href":"https:\/\/grundschule-broegbern.de\/index2.php\/index.php?rest_route=\/wp\/v2\/users\/1"}],"replies":[{"embeddable":true,"href":"https:\/\/grundschule-broegbern.de\/index2.php\/index.php?rest_route=%2Fwp%2Fv2%2Fcomments&post=457"}],"version-history":[{"count":8,"href":"https:\/\/grundschule-broegbern.de\/index2.php\/index.php?rest_route=\/wp\/v2\/pages\/457\/revisions"}],"predecessor-version":[{"id":652,"href":"https:\/\/grundschule-broegbern.de\/index2.php\/index.php?rest_route=\/wp\/v2\/pages\/457\/revisions\/652"}],"wp:attachment":[{"href":"https:\/\/grundschule-broegbern.de\/index2.php\/index.php?rest_route=%2Fwp%2Fv2%2Fmedia&parent=457"}],"curies":[{"name":"wp","href":"https:\/\/api.w.org\/{rel}","templated":true}]}}